{"id":341,"date":"2026-01-04T15:26:47","date_gmt":"2026-01-04T14:26:47","guid":{"rendered":"https:\/\/aleksandraidaniel.pl\/?page_id=341"},"modified":"2026-01-09T22:14:36","modified_gmt":"2026-01-09T21:14:36","slug":"hello-theme-341","status":"publish","type":"page","link":"https:\/\/aleksandraidaniel.pl\/","title":{"rendered":"B\u0119dzie \u015alub!"},"content":{"rendered":"\t\t<div data-elementor-type=\"wp-page\" data-elementor-id=\"341\" class=\"elementor elementor-341\">\n\t\t\t\t<div class=\"elementor-element elementor-element-118e7b48 e-con-full e-flex e-con e-parent\" data-id=\"118e7b48\" data-element_type=\"container\" data-settings=\"{&quot;background_background&quot;:&quot;classic&quot;}\">\n\t\t\t\t<div class=\"elementor-element elementor-element-594abc7 elementor-widget__width-inherit elementor-widget-tablet__width-inherit elementor-absolute animated-slow elementor-invisible elementor-widget elementor-widget-text-editor\" data-id=\"594abc7\" data-element_type=\"widget\" data-settings=\"{&quot;_position&quot;:&quot;absolute&quot;,&quot;_animation&quot;:&quot;fadeIn&quot;,&quot;_animation_delay&quot;:500}\" data-widget_type=\"text-editor.default\">\n\t\t\t\t\t\t\t\t\t<p>01.08.2026<\/p>\t\t\t\t\t\t\t\t<\/div>\n\t\t\t\t<div class=\"elementor-element elementor-element-f9e4cd4 elementor-widget__width-inherit elementor-absolute elementor-widget elementor-widget-heading\" data-id=\"f9e4cd4\" data-element_type=\"widget\" data-settings=\"{&quot;_position&quot;:&quot;absolute&quot;}\" data-widget_type=\"heading.default\">\n\t\t\t\t\t<h2 class=\"elementor-heading-title elementor-size-default\">A | D<\/h2>\t\t\t\t<\/div>\n\t\t\t\t<div class=\"elementor-element elementor-element-aa2fba2 elementor-align-left elementor-widget__width-initial elementor-absolute elementor-widget elementor-widget-button\" data-id=\"aa2fba2\" data-element_type=\"widget\" data-settings=\"{&quot;_position&quot;:&quot;absolute&quot;}\" data-widget_type=\"button.default\">\n\t\t\t\t\t\t\t\t\t\t<a class=\"elementor-button elementor-button-link elementor-size-sm\" href=\"#\">\n\t\t\t\t\t\t<span class=\"elementor-button-content-wrapper\">\n\t\t\t\t\t\t\t\t\t<span class=\"elementor-button-text\">Nasza Historia<\/span>\n\t\t\t\t\t<\/span>\n\t\t\t\t\t<\/a>\n\t\t\t\t\t\t\t\t<\/div>\n\t\t\t\t<div class=\"elementor-element elementor-element-6fb698d elementor-align-center elementor-widget__width-auto elementor-absolute elementor-widget elementor-widget-button\" data-id=\"6fb698d\" data-element_type=\"widget\" data-settings=\"{&quot;_position&quot;:&quot;absolute&quot;}\" data-widget_type=\"button.default\">\n\t\t\t\t\t\t\t\t\t\t<a class=\"elementor-button elementor-button-link elementor-size-sm\" href=\"#przyjecie\">\n\t\t\t\t\t\t<span class=\"elementor-button-content-wrapper\">\n\t\t\t\t\t\t\t\t\t<span class=\"elementor-button-text\">Szczeg\u00f3\u0142y Uroczysto\u015bci<\/span>\n\t\t\t\t\t<\/span>\n\t\t\t\t\t<\/a>\n\t\t\t\t\t\t\t\t<\/div>\n\t\t\t\t<div class=\"elementor-element elementor-element-f56d87f elementor-align-left elementor-widget__width-initial elementor-absolute elementor-widget elementor-widget-button\" data-id=\"f56d87f\" data-element_type=\"widget\" data-settings=\"{&quot;_position&quot;:&quot;absolute&quot;}\" data-widget_type=\"button.default\">\n\t\t\t\t\t\t\t\t\t\t<a class=\"elementor-button elementor-size-sm\" role=\"button\">\n\t\t\t\t\t\t<span class=\"elementor-button-content-wrapper\">\n\t\t\t\t\t\t\t\t\t<span class=\"elementor-button-text\">Potwierdzenie przybycia<\/span>\n\t\t\t\t\t<\/span>\n\t\t\t\t\t<\/a>\n\t\t\t\t\t\t\t\t<\/div>\n\t\t\t\t<\/div>\n\t\t<div class=\"elementor-element elementor-element-7821668 e-con-full animated-slow e-flex elementor-invisible e-con e-parent\" data-id=\"7821668\" data-element_type=\"container\" data-settings=\"{&quot;animation&quot;:&quot;fadeIn&quot;}\">\n\t\t\t\t<div class=\"elementor-element elementor-element-ed20bb0 elementor-widget elementor-widget-heading\" data-id=\"ed20bb0\" data-element_type=\"widget\" id=\"przyjecie\" data-widget_type=\"heading.default\">\n\t\t\t\t\t<h2 class=\"elementor-heading-title elementor-size-default\">SZCZEG\u00d3\u0141Y UROCZYSTO\u015aCI<\/h2>\t\t\t\t<\/div>\n\t\t\t\t<\/div>\n\t\t<div class=\"elementor-element elementor-element-1514862 e-con-full e-flex e-con e-parent\" data-id=\"1514862\" data-element_type=\"container\">\n\t\t\t\t<div class=\"elementor-element elementor-element-dee3123 animated-slow elementor-widget__width-initial elementor-invisible elementor-widget elementor-widget-image\" data-id=\"dee3123\" data-element_type=\"widget\" data-settings=\"{&quot;_animation&quot;:&quot;fadeInRight&quot;}\" data-widget_type=\"image.default\">\n\t\t\t\t\t\t\t\t\t\t\t\t\t\t\t<img decoding=\"async\" src=\"https:\/\/upload.wikimedia.org\/wikipedia\/commons\/1\/16\/Budynek_ko%C5%9Bcio%C5%82a_Podwy%C5%BCszenia_Krzy%C5%BCa_%C5%9Awi%C4%99tego_w_Opocznie.jpg\" title=\"\" alt=\"\" loading=\"lazy\" \/>\t\t\t\t\t\t\t\t\t\t\t\t\t\t\t<\/div>\n\t\t\t\t<div class=\"elementor-element elementor-element-ecabde8 animated-slow elementor-invisible elementor-widget elementor-widget-image\" data-id=\"ecabde8\" data-element_type=\"widget\" data-settings=\"{&quot;_animation&quot;:&quot;fadeInLeft&quot;}\" data-widget_type=\"image.default\">\n\t\t\t\t\t\t\t\t\t\t\t\t\t\t\t<img decoding=\"async\" src=\"https:\/\/sala-guljana.pl\/wp-content\/uploads\/2024\/04\/restauracja-guljana-grebenice-zewnatrz.webp\" title=\"\" alt=\"\" loading=\"lazy\" \/>\t\t\t\t\t\t\t\t\t\t\t\t\t\t\t<\/div>\n\t\t\t\t<div class=\"elementor-element elementor-element-8a3412b elementor-widget__width-initial elementor-absolute animated-slow elementor-invisible elementor-widget elementor-widget-text-editor\" data-id=\"8a3412b\" data-element_type=\"widget\" data-settings=\"{&quot;_position&quot;:&quot;absolute&quot;,&quot;_animation&quot;:&quot;fadeIn&quot;,&quot;_animation_delay&quot;:900}\" data-widget_type=\"text-editor.default\">\n\t\t\t\t\t\t\t\t\t<p><br><\/p><p><br><\/p><p><br><\/p><p>\u015alub odb\u0119dzie si\u0119 w ko\u015bciele:<br><br>PW Podwy\u017cszenia Krzy\u017ca \u015awi\u0119tego w Opocznie<\/p><p>o godzinie 16:00<\/p>\n<p><br><\/p><p><br><\/p><p><br><\/p><p><br><\/p>\t\t\t\t\t\t\t\t<\/div>\n\t\t\t\t<div class=\"elementor-element elementor-element-fbd75ff elementor-widget__width-initial elementor-absolute animated-slow elementor-invisible elementor-widget elementor-widget-text-editor\" data-id=\"fbd75ff\" data-element_type=\"widget\" data-settings=\"{&quot;_position&quot;:&quot;absolute&quot;,&quot;_animation&quot;:&quot;fadeIn&quot;,&quot;_animation_delay&quot;:900}\" data-widget_type=\"text-editor.default\">\n\t\t\t\t\t\t\t\t\t<p><br><\/p>\n<p><br><\/p>\n<p><br><\/p>\n<p>Przyj\u0119cie weselne odb\u0119dzie si\u0119 w:<br>Sali Bankietowej GulJana&nbsp;<\/p><p>w Gr\u0119benicach<\/p>\n<p><br><\/p>\n<p><br><\/p>\n<p><br><\/p>\t\t\t\t\t\t\t\t<\/div>\n\t\t\t\t<\/div>\n\t\t<div class=\"elementor-element elementor-element-974774b e-con-full e-flex e-con e-parent\" data-id=\"974774b\" data-element_type=\"container\">\n\t\t\t\t<div class=\"elementor-element elementor-element-ef5371a elementor-widget__width-inherit elementor-widget elementor-widget-image\" data-id=\"ef5371a\" data-element_type=\"widget\" data-widget_type=\"image.default\">\n\t\t\t\t\t\t\t\t\t\t\t\t\t\t\t<img fetchpriority=\"high\" decoding=\"async\" width=\"1248\" height=\"832\" src=\"https:\/\/aleksandraidaniel.pl\/wp-content\/uploads\/2026\/01\/Gemini_Generated_Image_x9bp9mx9bp9mx9bp.png\" class=\"attachment-full size-full wp-image-396\" alt=\"\" srcset=\"https:\/\/aleksandraidaniel.pl\/wp-content\/uploads\/2026\/01\/Gemini_Generated_Image_x9bp9mx9bp9mx9bp.png 1248w, https:\/\/aleksandraidaniel.pl\/wp-content\/uploads\/2026\/01\/Gemini_Generated_Image_x9bp9mx9bp9mx9bp-300x200.png 300w, https:\/\/aleksandraidaniel.pl\/wp-content\/uploads\/2026\/01\/Gemini_Generated_Image_x9bp9mx9bp9mx9bp-1024x683.png 1024w, https:\/\/aleksandraidaniel.pl\/wp-content\/uploads\/2026\/01\/Gemini_Generated_Image_x9bp9mx9bp9mx9bp-768x512.png 768w\" sizes=\"(max-width: 1248px) 100vw, 1248px\" \/>\t\t\t\t\t\t\t\t\t\t\t\t\t\t\t<\/div>\n\t\t\t\t<div class=\"elementor-element elementor-element-3aa33a1 elementor-widget__width-initial elementor-widget-tablet__width-initial elementor-widget-mobile__width-initial elementor-absolute elementor-widget elementor-widget-eael-countdown\" data-id=\"3aa33a1\" data-element_type=\"widget\" data-settings=\"{&quot;_position&quot;:&quot;absolute&quot;}\" data-widget_type=\"eael-countdown.default\">\n\t\t\t\t\t\n\t\t<div class=\"eael-countdown-wrapper\" data-countdown-id=\"3aa33a1\" data-expire-type=\"none\" data-countdown-type=\"due_date\">\n\t\t\t<div class=\"eael-countdown-container eael-countdown-label-block eael-countdown-label-block-tablet  eael-countdown-show-separator eael-countdown-separator-solid\">\n                                    <ul id=\"eael-countdown-3aa33a1\" class=\"eael-countdown-items\" data-date=\"Aug 01 2026 16:00:00 +2\">\n                        <li class=\"eael-countdown-item\"><div class=\"eael-countdown-days\"><span data-days class=\"eael-countdown-digits\">00<\/span><span class=\"eael-countdown-label\">Dni<\/span><\/div><\/li>                        <li class=\"eael-countdown-item\"><div class=\"eael-countdown-hours\"><span data-hours class=\"eael-countdown-digits\">00<\/span><span class=\"eael-countdown-label\">Godzin<\/span><\/div><\/li>                        <li class=\"eael-countdown-item\"><div class=\"eael-countdown-minutes\"><span data-minutes class=\"eael-countdown-digits\">00<\/span><span class=\"eael-countdown-label\">Minut<\/span><\/div><\/li>                        <li class=\"eael-countdown-item\"><div class=\"eael-countdown-seconds\"><span data-seconds class=\"eael-countdown-digits\">00<\/span><span class=\"eael-countdown-label\">Sekund<\/span><\/div><\/li>                    <\/ul>\n                    <div class=\"eael-countdown-expiry-template\" style=\"display: none;\">\n                                            <\/div>\n               \n\t\t\t    <div class=\"clearfix\"><\/div>\n\t\t\t<\/div>\n\t\t<\/div>\n\n\t\t\t\t\t<\/div>\n\t\t\t\t<div class=\"elementor-element elementor-element-5d16aa2 elementor-widget__width-initial elementor-absolute elementor-widget elementor-widget-text-editor\" data-id=\"5d16aa2\" data-element_type=\"widget\" data-settings=\"{&quot;_position&quot;:&quot;absolute&quot;}\" data-widget_type=\"text-editor.default\">\n\t\t\t\t\t\t\t\t\t<p>Do \u015blubu pozosta\u0142o:<\/p>\t\t\t\t\t\t\t\t<\/div>\n\t\t\t\t<\/div>\n\t\t\t\t<\/div>\n\t\t","protected":false},"excerpt":{"rendered":"<p>01.08.2026 A | D Nasza Historia Szczeg\u00f3\u0142y Uroczysto\u015bci Potwierdzenie przybycia SZCZEG\u00d3\u0141Y UROCZYSTO\u015aCI \u015alub odb\u0119dzie si\u0119 w ko\u015bciele: PW Podwy\u017cszenia Krzy\u017ca \u015awi\u0119tego w Opocznie o godzinie 16:00 Przyj\u0119cie weselne odb\u0119dzie si\u0119 w:Sali Bankietowej GulJana&nbsp; w Gr\u0119benicach 00Dni 00Godzin 00Minut 00Sekund Do \u015blubu pozosta\u0142o:<\/p>\n","protected":false},"author":1,"featured_media":0,"parent":0,"menu_order":0,"comment_status":"closed","ping_status":"closed","template":"","meta":{"saved_in_kubio":false,"_eb_attr":"","ngg_post_thumbnail":0,"footnotes":""},"class_list":["post-341","page","type-page","status-publish","hentry"],"kubio_ai_page_context":{"short_desc":"","purpose":"general"},"_links":{"self":[{"href":"https:\/\/aleksandraidaniel.pl\/index.php?rest_route=\/wp\/v2\/pages\/341","targetHints":{"allow":["GET"]}}],"collection":[{"href":"https:\/\/aleksandraidaniel.pl\/index.php?rest_route=\/wp\/v2\/pages"}],"about":[{"href":"https:\/\/aleksandraidaniel.pl\/index.php?rest_route=\/wp\/v2\/types\/page"}],"author":[{"embeddable":true,"href":"https:\/\/aleksandraidaniel.pl\/index.php?rest_route=\/wp\/v2\/users\/1"}],"replies":[{"embeddable":true,"href":"https:\/\/aleksandraidaniel.pl\/index.php?rest_route=%2Fwp%2Fv2%2Fcomments&post=341"}],"version-history":[{"count":331,"href":"https:\/\/aleksandraidaniel.pl\/index.php?rest_route=\/wp\/v2\/pages\/341\/revisions"}],"predecessor-version":[{"id":749,"href":"https:\/\/aleksandraidaniel.pl\/index.php?rest_route=\/wp\/v2\/pages\/341\/revisions\/749"}],"wp:attachment":[{"href":"https:\/\/aleksandraidaniel.pl\/index.php?rest_route=%2Fwp%2Fv2%2Fmedia&parent=341"}],"curies":[{"name":"wp","href":"https:\/\/api.w.org\/{rel}","templated":true}]}}